{"id":9,"date":"2021-02-02T08:21:45","date_gmt":"2021-02-02T08:21:45","guid":{"rendered":"https:\/\/mikaelhyla.com.co\/index.php\/about\/"},"modified":"2026-01-07T14:56:18","modified_gmt":"2026-01-07T14:56:18","slug":"about","status":"publish","type":"page","link":"https:\/\/mikaelhyla.com.co\/index.php\/about\/","title":{"rendered":"M\u00fasicos"},"content":{"rendered":"\t\t<div data-elementor-type=\"wp-page\" data-elementor-id=\"9\" class=\"elementor elementor-9\">\n\t\t\t\t\t\t\t\t\t<section class=\"elementor-section elementor-top-section elementor-element elementor-element-76f1a1b9 elementor-section-height-min-height elementor-section-items-stretch elementor-section-boxed elementor-section-height-default\" data-id=\"76f1a1b9\" data-element_type=\"section\" data-settings=\"{&quot;background_background&quot;:&quot;classic&quot;}\">\n\t\t\t\t\t\t\t<div class=\"elementor-background-overlay\"><\/div>\n\t\t\t\t\t\t\t<div class=\"elementor-container elementor-column-gap-no\">\n\t\t\t\t\t<div class=\"elementor-column elementor-col-100 elementor-top-column elementor-element elementor-element-4c1448c4\" data-id=\"4c1448c4\" data-element_type=\"column\">\n\t\t\t<div class=\"elementor-widget-wrap elementor-element-populated\">\n\t\t\t\t\t\t\t\t<div class=\"elementor-element elementor-element-6e5cae39 elementor-absolute elementor-widget elementor-widget-heading\" data-id=\"6e5cae39\" data-element_type=\"widget\" data-settings=\"{&quot;_position&quot;:&quot;absolute&quot;}\" data-widget_type=\"heading.default\">\n\t\t\t\t<div class=\"elementor-widget-container\">\n\t\t\t<style>\/*! elementor - v3.10.2 - 29-01-2023 *\/\n.elementor-heading-title{padding:0;margin:0;line-height:1}.elementor-widget-heading .elementor-heading-title[class*=elementor-size-]>a{color:inherit;font-size:inherit;line-height:inherit}.elementor-widget-heading .elementor-heading-title.elementor-size-small{font-size:15px}.elementor-widget-heading .elementor-heading-title.elementor-size-medium{font-size:19px}.elementor-widget-heading .elementor-heading-title.elementor-size-large{font-size:29px}.elementor-widget-heading .elementor-heading-title.elementor-size-xl{font-size:39px}.elementor-widget-heading .elementor-heading-title.elementor-size-xxl{font-size:59px}<\/style><h2 class=\"elementor-heading-title elementor-size-default\">M\u00fasicos<\/h2>\t\t<\/div>\n\t\t\t\t<\/div>\n\t\t\t\t\t<\/div>\n\t\t<\/div>\n\t\t\t\t\t\t\t<\/div>\n\t\t<\/section>\n\t\t\t\t<section class=\"elementor-section elementor-top-section elementor-element elementor-element-4130c40 elementor-section-boxed elementor-section-height-default elementor-section-height-default\" data-id=\"4130c40\" data-element_type=\"section\" data-settings=\"{&quot;background_background&quot;:&quot;classic&quot;}\">\n\t\t\t\t\t\t<div class=\"elementor-container elementor-column-gap-no\">\n\t\t\t\t\t<div class=\"elementor-column elementor-col-50 elementor-top-column elementor-element elementor-element-1a4e914\" data-id=\"1a4e914\" data-element_type=\"column\" data-settings=\"{&quot;background_background&quot;:&quot;classic&quot;}\">\n\t\t\t<div class=\"elementor-widget-wrap elementor-element-populated\">\n\t\t\t\t\t\t\t\t<div class=\"elementor-element elementor-element-b3d6d32 elementor-widget elementor-widget-image\" data-id=\"b3d6d32\" data-element_type=\"widget\" data-widget_type=\"image.default\">\n\t\t\t\t<div class=\"elementor-widget-container\">\n\t\t\t<style>\/*! elementor - v3.10.2 - 29-01-2023 *\/\n.elementor-widget-image{text-align:center}.elementor-widget-image a{display:inline-block}.elementor-widget-image a img[src$=\".svg\"]{width:48px}.elementor-widget-image img{vertical-align:middle;display:inline-block}<\/style>\t\t\t\t\t\t\t\t\t\t\t\t<img loading=\"lazy\" decoding=\"async\" width=\"1706\" height=\"2560\" src=\"https:\/\/mikaelhyla.com.co\/wp-content\/uploads\/2023\/02\/Mika-scaled.jpg\" class=\"attachment-full size-full wp-image-1433\" alt=\"\" srcset=\"https:\/\/mikaelhyla.com.co\/wp-content\/uploads\/2023\/02\/Mika-scaled.jpg 1706w, https:\/\/mikaelhyla.com.co\/wp-content\/uploads\/2023\/02\/Mika-200x300.jpg 200w, https:\/\/mikaelhyla.com.co\/wp-content\/uploads\/2023\/02\/Mika-683x1024.jpg 683w, https:\/\/mikaelhyla.com.co\/wp-content\/uploads\/2023\/02\/Mika-768x1152.jpg 768w, https:\/\/mikaelhyla.com.co\/wp-content\/uploads\/2023\/02\/Mika-1024x1536.jpg 1024w, https:\/\/mikaelhyla.com.co\/wp-content\/uploads\/2023\/02\/Mika-1365x2048.jpg 1365w\" sizes=\"auto, (max-width: 1706px) 100vw, 1706px\" \/>\t\t\t\t\t\t\t\t\t\t\t\t\t\t\t<\/div>\n\t\t\t\t<\/div>\n\t\t\t\t\t<\/div>\n\t\t<\/div>\n\t\t\t\t<div class=\"elementor-column elementor-col-50 elementor-top-column elementor-element elementor-element-572841d\" data-id=\"572841d\" data-element_type=\"column\">\n\t\t\t<div class=\"elementor-widget-wrap elementor-element-populated\">\n\t\t\t\t\t\t\t\t<div class=\"elementor-element elementor-element-de89e1a elementor-widget elementor-widget-heading\" data-id=\"de89e1a\" data-element_type=\"widget\" data-widget_type=\"heading.default\">\n\t\t\t\t<div class=\"elementor-widget-container\">\n\t\t\t<h5 class=\"elementor-heading-title elementor-size-default\">Mika\u00ebl Hyla<\/h5>\t\t<\/div>\n\t\t\t\t<\/div>\n\t\t\t\t<div class=\"elementor-element elementor-element-1aa2a02 elementor-widget elementor-widget-text-editor\" data-id=\"1aa2a02\" data-element_type=\"widget\" data-widget_type=\"text-editor.default\">\n\t\t\t\t<div class=\"elementor-widget-container\">\n\t\t\t<style>\/*! elementor - v3.10.2 - 29-01-2023 *\/\n.elementor-widget-text-editor.elementor-drop-cap-view-stacked .elementor-drop-cap{background-color:#818a91;color:#fff}.elementor-widget-text-editor.elementor-drop-cap-view-framed .elementor-drop-cap{color:#818a91;border:3px solid;background-color:transparent}.elementor-widget-text-editor:not(.elementor-drop-cap-view-default) .elementor-drop-cap{margin-top:8px}.elementor-widget-text-editor:not(.elementor-drop-cap-view-default) .elementor-drop-cap-letter{width:1em;height:1em}.elementor-widget-text-editor .elementor-drop-cap{float:left;text-align:center;line-height:1;font-size:50px}.elementor-widget-text-editor .elementor-drop-cap-letter{display:inline-block}<\/style>\t\t\t\t<p>Crece en Montsalvy, un peque\u00f1o pueblo del centro de Francia, en un entorno musical con su padre guitarrista y empieza a tocar piano a los 4 a\u00f1os. M\u00e1s tarde se interesa en la guitarra, el saxof\u00f3n y el acorde\u00f3n, este \u00faltimo, se vuelve su instrumento de predilecci\u00f3n. Toca en diferentes bandas de canci\u00f3n francesa, reggae y m\u00fasica tzigane en la ciudad de Lyon donde trabaja su instrumento de forma autodidacta. En su primer viaje a Colombia, en 2013 descubre la diversidad musical de Am\u00e9rica del Sur y empieza una exploraci\u00f3n de nuevos g\u00e9neros como la cumbia y la salsa.<\/p>\t\t\t\t\t\t<\/div>\n\t\t\t\t<\/div>\n\t\t\t\t\t<\/div>\n\t\t<\/div>\n\t\t\t\t\t\t\t<\/div>\n\t\t<\/section>\n\t\t\t\t<section class=\"elementor-section elementor-top-section elementor-element elementor-element-3270dea elementor-section-boxed elementor-section-height-default elementor-section-height-default\" data-id=\"3270dea\" data-element_type=\"section\" data-settings=\"{&quot;background_background&quot;:&quot;classic&quot;}\">\n\t\t\t\t\t\t<div class=\"elementor-container elementor-column-gap-no\">\n\t\t\t\t\t<div class=\"elementor-column elementor-col-50 elementor-top-column elementor-element elementor-element-736e87c\" data-id=\"736e87c\" data-element_type=\"column\" data-settings=\"{&quot;background_background&quot;:&quot;classic&quot;}\">\n\t\t\t<div class=\"elementor-widget-wrap elementor-element-populated\">\n\t\t\t\t\t\t\t\t<div class=\"elementor-element elementor-element-eb81ed5 elementor-widget elementor-widget-image\" data-id=\"eb81ed5\" data-element_type=\"widget\" data-widget_type=\"image.default\">\n\t\t\t\t<div class=\"elementor-widget-container\">\n\t\t\t\t\t\t\t\t\t\t\t\t\t\t\t<img loading=\"lazy\" decoding=\"async\" width=\"1756\" height=\"2560\" src=\"https:\/\/mikaelhyla.com.co\/wp-content\/uploads\/2023\/02\/Eduardo-scaled.jpg\" class=\"attachment-full size-full wp-image-1438\" alt=\"\" srcset=\"https:\/\/mikaelhyla.com.co\/wp-content\/uploads\/2023\/02\/Eduardo-scaled.jpg 1756w, https:\/\/mikaelhyla.com.co\/wp-content\/uploads\/2023\/02\/Eduardo-206x300.jpg 206w, https:\/\/mikaelhyla.com.co\/wp-content\/uploads\/2023\/02\/Eduardo-702x1024.jpg 702w, https:\/\/mikaelhyla.com.co\/wp-content\/uploads\/2023\/02\/Eduardo-768x1120.jpg 768w, https:\/\/mikaelhyla.com.co\/wp-content\/uploads\/2023\/02\/Eduardo-1054x1536.jpg 1054w, https:\/\/mikaelhyla.com.co\/wp-content\/uploads\/2023\/02\/Eduardo-1405x2048.jpg 1405w\" sizes=\"auto, (max-width: 1756px) 100vw, 1756px\" \/>\t\t\t\t\t\t\t\t\t\t\t\t\t\t\t<\/div>\n\t\t\t\t<\/div>\n\t\t\t\t\t<\/div>\n\t\t<\/div>\n\t\t\t\t<div class=\"elementor-column elementor-col-50 elementor-top-column elementor-element elementor-element-eff3b4e\" data-id=\"eff3b4e\" data-element_type=\"column\">\n\t\t\t<div class=\"elementor-widget-wrap elementor-element-populated\">\n\t\t\t\t\t\t\t\t<div class=\"elementor-element elementor-element-e57b05c elementor-widget elementor-widget-heading\" data-id=\"e57b05c\" data-element_type=\"widget\" data-widget_type=\"heading.default\">\n\t\t\t\t<div class=\"elementor-widget-container\">\n\t\t\t<h5 class=\"elementor-heading-title elementor-size-default\">Eduardo Gonz\u00e1lez<\/h5>\t\t<\/div>\n\t\t\t\t<\/div>\n\t\t\t\t<div class=\"elementor-element elementor-element-d825f2e elementor-widget elementor-widget-text-editor\" data-id=\"d825f2e\" data-element_type=\"widget\" data-widget_type=\"text-editor.default\">\n\t\t\t\t<div class=\"elementor-widget-container\">\n\t\t\t\t\t\t\t<p>Originario de Medell\u00edn, Eduardo Gonz\u00e1lez es docente en las c\u00e1tedras de bajo el\u00e9ctrico y contrabajo jazz en la Universidad Eafit y Bellas Artes en Medell\u00edn.Es miembro fundador de la agrupaci\u00f3n Puerto Candelaria incursionando en las fusiones de m\u00fasicas del mundo, colombianas y jazz<\/p>\t\t\t\t\t\t<\/div>\n\t\t\t\t<\/div>\n\t\t\t\t<div class=\"elementor-element elementor-element-060def9 elementor-widget elementor-widget-text-editor\" data-id=\"060def9\" data-element_type=\"widget\" data-widget_type=\"text-editor.default\">\n\t\t\t\t<div class=\"elementor-widget-container\">\n\t\t\t\t\t\t\t<p>Ganador del premio Latin Grammy a mejor \u00e1lbum cumbia en el 2019 y nominado a mejor \u00e1lbum m\u00fasica para ni\u00f1os 2022 con la Sinfon\u00eda de los bichos raros.\u00a0<\/p><p>Ha participado en los principales festivales de jazz, m\u00fasicas populares y world music en Latinoam\u00e9rica, Norteam\u00e9rica, Europa y Asia.\u00a0<\/p>\t\t\t\t\t\t<\/div>\n\t\t\t\t<\/div>\n\t\t\t\t\t<\/div>\n\t\t<\/div>\n\t\t\t\t\t\t\t<\/div>\n\t\t<\/section>\n\t\t\t\t<section class=\"elementor-section elementor-top-section elementor-element elementor-element-99a4894 elementor-section-boxed elementor-section-height-default elementor-section-height-default\" data-id=\"99a4894\" data-element_type=\"section\" data-settings=\"{&quot;background_background&quot;:&quot;classic&quot;}\">\n\t\t\t\t\t\t<div class=\"elementor-container elementor-column-gap-no\">\n\t\t\t\t\t<div class=\"elementor-column elementor-col-50 elementor-top-column elementor-element elementor-element-e1b3263\" data-id=\"e1b3263\" data-element_type=\"column\" data-settings=\"{&quot;background_background&quot;:&quot;classic&quot;}\">\n\t\t\t<div class=\"elementor-widget-wrap elementor-element-populated\">\n\t\t\t\t\t\t\t\t<div class=\"elementor-element elementor-element-6f6f002 elementor-widget elementor-widget-image\" data-id=\"6f6f002\" data-element_type=\"widget\" data-widget_type=\"image.default\">\n\t\t\t\t<div class=\"elementor-widget-container\">\n\t\t\t\t\t\t\t\t\t\t\t\t\t\t\t<img loading=\"lazy\" decoding=\"async\" width=\"1706\" height=\"2560\" src=\"https:\/\/mikaelhyla.com.co\/wp-content\/uploads\/2023\/04\/MG_8463-scaled.jpg\" class=\"attachment-full size-full wp-image-2225\" alt=\"\" srcset=\"https:\/\/mikaelhyla.com.co\/wp-content\/uploads\/2023\/04\/MG_8463-scaled.jpg 1706w, https:\/\/mikaelhyla.com.co\/wp-content\/uploads\/2023\/04\/MG_8463-200x300.jpg 200w, https:\/\/mikaelhyla.com.co\/wp-content\/uploads\/2023\/04\/MG_8463-683x1024.jpg 683w, https:\/\/mikaelhyla.com.co\/wp-content\/uploads\/2023\/04\/MG_8463-768x1152.jpg 768w, https:\/\/mikaelhyla.com.co\/wp-content\/uploads\/2023\/04\/MG_8463-1024x1536.jpg 1024w, https:\/\/mikaelhyla.com.co\/wp-content\/uploads\/2023\/04\/MG_8463-1365x2048.jpg 1365w, https:\/\/mikaelhyla.com.co\/wp-content\/uploads\/2023\/04\/MG_8463-8x12.jpg 8w\" sizes=\"auto, (max-width: 1706px) 100vw, 1706px\" \/>\t\t\t\t\t\t\t\t\t\t\t\t\t\t\t<\/div>\n\t\t\t\t<\/div>\n\t\t\t\t\t<\/div>\n\t\t<\/div>\n\t\t\t\t<div class=\"elementor-column elementor-col-50 elementor-top-column elementor-element elementor-element-a637825\" data-id=\"a637825\" data-element_type=\"column\">\n\t\t\t<div class=\"elementor-widget-wrap elementor-element-populated\">\n\t\t\t\t\t\t\t\t<div class=\"elementor-element elementor-element-e299985 elementor-widget elementor-widget-heading\" data-id=\"e299985\" data-element_type=\"widget\" data-widget_type=\"heading.default\">\n\t\t\t\t<div class=\"elementor-widget-container\">\n\t\t\t<h5 class=\"elementor-heading-title elementor-size-default\">Didier Mart\u00ednez<\/h5>\t\t<\/div>\n\t\t\t\t<\/div>\n\t\t\t\t<div class=\"elementor-element elementor-element-53e19ae elementor-widget elementor-widget-text-editor\" data-id=\"53e19ae\" data-element_type=\"widget\" data-widget_type=\"text-editor.default\">\n\t\t\t\t<div class=\"elementor-widget-container\">\n\t\t\t\t\t\t\t<p>Nacido en Santander, se ha desempe\u00f1ado como profesor de bater\u00eda en la Escuela Superior de Artes D\u00e9bora Arango y en el Colegio Gimnasio Internacional de Medell\u00edn.<\/p>\t\t\t\t\t\t<\/div>\n\t\t\t\t<\/div>\n\t\t\t\t<div class=\"elementor-element elementor-element-d47bd42 elementor-widget elementor-widget-text-editor\" data-id=\"d47bd42\" data-element_type=\"widget\" data-widget_type=\"text-editor.default\">\n\t\t\t\t<div class=\"elementor-widget-container\">\n\t\t\t\t\t\t\t<p>Ha integrado diversos ensambles y grupos como el Ensamble de Jazz de Eafit, Pala, Miguel Rodrick Quinteto y The Merenders. Es integrante de la agrupaci\u00f3n Puerto Candelaria desde el 2009 con quienes ha realizado 37 giras internacionales<\/p>\t\t\t\t\t\t<\/div>\n\t\t\t\t<\/div>\n\t\t\t\t\t<\/div>\n\t\t<\/div>\n\t\t\t\t\t\t\t<\/div>\n\t\t<\/section>\n\t\t\t\t<section class=\"elementor-section elementor-top-section elementor-element elementor-element-c2b2c91 elementor-section-boxed elementor-section-height-default elementor-section-height-default\" data-id=\"c2b2c91\" data-element_type=\"section\" data-settings=\"{&quot;background_background&quot;:&quot;classic&quot;}\">\n\t\t\t\t\t\t<div class=\"elementor-container elementor-column-gap-no\">\n\t\t\t\t\t<div class=\"elementor-column elementor-col-50 elementor-top-column elementor-element elementor-element-752489bc\" data-id=\"752489bc\" data-element_type=\"column\" data-settings=\"{&quot;background_background&quot;:&quot;classic&quot;}\">\n\t\t\t<div class=\"elementor-widget-wrap elementor-element-populated\">\n\t\t\t\t\t\t\t\t<div class=\"elementor-element elementor-element-72e6adca elementor-widget elementor-widget-image\" data-id=\"72e6adca\" data-element_type=\"widget\" data-widget_type=\"image.default\">\n\t\t\t\t<div class=\"elementor-widget-container\">\n\t\t\t\t\t\t\t\t\t\t\t\t\t\t\t<img loading=\"lazy\" decoding=\"async\" width=\"569\" height=\"853\" src=\"https:\/\/mikaelhyla.com.co\/wp-content\/uploads\/2025\/12\/Musico_4.webp\" class=\"attachment-full size-full wp-image-3004\" alt=\"\" srcset=\"https:\/\/mikaelhyla.com.co\/wp-content\/uploads\/2025\/12\/Musico_4.webp 569w, https:\/\/mikaelhyla.com.co\/wp-content\/uploads\/2025\/12\/Musico_4-200x300.webp 200w\" sizes=\"auto, (max-width: 569px) 100vw, 569px\" \/>\t\t\t\t\t\t\t\t\t\t\t\t\t\t\t<\/div>\n\t\t\t\t<\/div>\n\t\t\t\t\t<\/div>\n\t\t<\/div>\n\t\t\t\t<div class=\"elementor-column elementor-col-50 elementor-top-column elementor-element elementor-element-37363a3b\" data-id=\"37363a3b\" data-element_type=\"column\">\n\t\t\t<div class=\"elementor-widget-wrap elementor-element-populated\">\n\t\t\t\t\t\t\t\t<div class=\"elementor-element elementor-element-6bd6ca17 elementor-widget elementor-widget-heading\" data-id=\"6bd6ca17\" data-element_type=\"widget\" data-widget_type=\"heading.default\">\n\t\t\t\t<div class=\"elementor-widget-container\">\n\t\t\t<h5 class=\"elementor-heading-title elementor-size-default\">Jos\u00e9 V\u00e1squez<\/h5>\t\t<\/div>\n\t\t\t\t<\/div>\n\t\t\t\t<div class=\"elementor-element elementor-element-30257ed1 elementor-widget elementor-widget-text-editor\" data-id=\"30257ed1\" data-element_type=\"widget\" data-widget_type=\"text-editor.default\">\n\t\t\t\t<div class=\"elementor-widget-container\">\n\t\t\t\t\t\t\t<p>Jos\u00e9 V\u00e1squez es un destacado clarinetista y saxofonista de la ciudad de Medell\u00edn, cuya versatilidad y sonido distintivo lo han consolidado como una figura clave en la escena del jazz colombiano. Con una trayectoria forjada en la interpretaci\u00f3n y la exploraci\u00f3n sonora, ha formado parte de agrupaciones fundamentales como MaderaJazz, Berps, Sol\u00e9 y Mika\u00ebl Hyla Cuarteto. Su experiencia recorre diversos escenarios del pa\u00eds, aportando siempre una sensibilidad t\u00e9cnica y una calidez interpretativa que definen su identidad como m\u00fasico de sesi\u00f3n y de ensamble.<\/p><p>\u00a0<\/p>\t\t\t\t\t\t<\/div>\n\t\t\t\t<\/div>\n\t\t\t\t\t<\/div>\n\t\t<\/div>\n\t\t\t\t\t\t\t<\/div>\n\t\t<\/section>\n\t\t\t\t<section class=\"elementor-section elementor-top-section elementor-element elementor-element-5acfe64b elementor-section-height-min-height elementor-section-boxed elementor-section-height-default elementor-section-items-middle\" data-id=\"5acfe64b\" data-element_type=\"section\" data-settings=\"{&quot;background_background&quot;:&quot;video&quot;,&quot;background_video_link&quot;:&quot;https:\\\/\\\/www.youtube.com\\\/watch?v=OjGyYpRSam8&quot;,&quot;background_play_on_mobile&quot;:&quot;yes&quot;}\">\n\t\t\t\t\t\t\t\t<div class=\"elementor-background-video-container\">\n\t\t\t\t\t\t\t\t\t\t\t\t\t<div class=\"elementor-background-video-embed\"><\/div>\n\t\t\t\t\t\t\t\t\t\t\t\t<\/div>\n\t\t\t\t\t\t\t\t\t<div class=\"elementor-background-overlay\"><\/div>\n\t\t\t\t\t\t\t<div class=\"elementor-container elementor-column-gap-no\">\n\t\t\t\t\t<div class=\"elementor-column elementor-col-100 elementor-top-column elementor-element elementor-element-3244ace\" data-id=\"3244ace\" data-element_type=\"column\">\n\t\t\t<div class=\"elementor-widget-wrap\">\n\t\t\t\t\t\t\t\t\t<\/div>\n\t\t<\/div>\n\t\t\t\t\t\t\t<\/div>\n\t\t<\/section>\n\t\t\t\t\t\t\t<\/div>\n\t\t","protected":false},"excerpt":{"rendered":"<p>M\u00fasicos Mika\u00ebl Hyla Crece en Montsalvy, un peque\u00f1o pueblo del centro de Francia, en un entorno musical con su padre guitarrista y empieza a tocar piano a los 4 a\u00f1os. M\u00e1s tarde se interesa en la guitarra, el saxof\u00f3n y el acorde\u00f3n, este \u00faltimo, se vuelve su instrumento de predilecci\u00f3n. Toca en diferentes bandas de &hellip;<\/p>\n<p class=\"read-more\"> <a class=\"\" href=\"https:\/\/mikaelhyla.com.co\/index.php\/about\/\"> <span class=\"screen-reader-text\">M\u00fasicos<\/span> Read More &raquo;<\/a><\/p>\n","protected":false},"author":1,"featured_media":0,"parent":0,"menu_order":0,"comment_status":"closed","ping_status":"closed","template":"","meta":{"site-sidebar-layout":"no-sidebar","site-content-layout":"page-builder","ast-global-header-display":"","ast-main-header-display":"","ast-hfb-above-header-display":"","ast-hfb-below-header-display":"","ast-hfb-mobile-header-display":"","site-post-title":"disabled","ast-breadcrumbs-content":"disabled","ast-featured-img":"disabled","footer-sml-layout":"","theme-transparent-header-meta":"enabled","adv-header-id-meta":"","stick-header-meta":"","header-above-stick-meta":"","header-main-stick-meta":"","header-below-stick-meta":"","footnotes":""},"class_list":["post-9","page","type-page","status-publish","hentry"],"_links":{"self":[{"href":"https:\/\/mikaelhyla.com.co\/index.php\/wp-json\/wp\/v2\/pages\/9","targetHints":{"allow":["GET"]}}],"collection":[{"href":"https:\/\/mikaelhyla.com.co\/index.php\/wp-json\/wp\/v2\/pages"}],"about":[{"href":"https:\/\/mikaelhyla.com.co\/index.php\/wp-json\/wp\/v2\/types\/page"}],"author":[{"embeddable":true,"href":"https:\/\/mikaelhyla.com.co\/index.php\/wp-json\/wp\/v2\/users\/1"}],"replies":[{"embeddable":true,"href":"https:\/\/mikaelhyla.com.co\/index.php\/wp-json\/wp\/v2\/comments?post=9"}],"version-history":[{"count":116,"href":"https:\/\/mikaelhyla.com.co\/index.php\/wp-json\/wp\/v2\/pages\/9\/revisions"}],"predecessor-version":[{"id":3022,"href":"https:\/\/mikaelhyla.com.co\/index.php\/wp-json\/wp\/v2\/pages\/9\/revisions\/3022"}],"wp:attachment":[{"href":"https:\/\/mikaelhyla.com.co\/index.php\/wp-json\/wp\/v2\/media?parent=9"}],"curies":[{"name":"wp","href":"https:\/\/api.w.org\/{rel}","templated":true}]}}